{"id":31,"date":"2025-04-20T19:30:47","date_gmt":"2025-04-20T19:30:47","guid":{"rendered":"https:\/\/elm.fi\/art\/?page_id=31"},"modified":"2025-05-21T19:56:47","modified_gmt":"2025-05-21T17:56:47","slug":"my-story","status":"publish","type":"page","link":"https:\/\/www.elm.fi\/art\/","title":{"rendered":"Hei"},"content":{"rendered":"\n<p>Olen ammatiltani luokanopettaja. Kuvataide n\u00e4yttelee isoa osaa el\u00e4m\u00e4ss\u00e4ni ja olen p\u00e4\u00e4ssyt toteuttamaan unelmiani sen parissa. Tekemisen palo on kova. Maalaan aina, kun aikaa ty\u00f6n ja arjen askareiden lomassa liikenee.<\/p>\n\n\n\n<p>Aiheeni t\u00f6ihin l\u00f6ytyv\u00e4t luonnosta ja omasta mielikuvituksestani. Yhdistelen mielikuvitushahmoni puuhia realistisempaan, luontohavaintoihin perustuvaan maailmaan. Toivon, ett\u00e4 omalla pienell\u00e4 panoksellani voisin tuoda esiin luonnon ainutlaatuisuutta. Luontohan on korvaamaton ja sen monimuotoisuudesta on t\u00e4rke\u00e4 pit\u00e4\u00e4 huolta.<\/p>\n\n\n\n<p>Taulujeni Miekkonen on kulkenut mukanani jo nuoruudesta l\u00e4htien. Innoituksen hahmoon l\u00f6ysin luettuani Tove Janssonin kuvittaman J.R.R. Tolkienin Sinne ja takaisin \u2013satufantasiaromaanin. Janssonin taruhahmot vetosivat ja loin niiden pohjalta omanlaiseni version villist\u00e4 seikkailijasta. Aluksi h\u00e4n oli mustavalkoinen suurihattuinen piirroshahmo ilman kasvoja. My\u00f6hemmin h\u00e4n on esiintynyt vesiv\u00e4rit\u00f6iss\u00e4ni ja nykyisin \u00f6ljymaalauksissani p\u00e4\u00e4henkil\u00f6n\u00e4. Kasvotkin h\u00e4n on jo saanut ja my\u00f6s pienentynyt kovasti. Ehk\u00e4p\u00e4 h\u00e4n on er\u00e4\u00e4nlainen omakuvani; hahmo, jonka kanssa olen jo kulkenut pitk\u00e4n tovin.Syntynyt 1966 Kuortane<\/p>\n\n\n\n<figure class=\"wp-block-gallery has-nested-images columns-default is-cropped wp-block-gallery-2 is-layout-flex wp-block-gallery-is-layout-flex\">\n<figure class=\"wp-block-image aligncenter size-large is-style-default wp-duotone-unset-1\"><img decoding=\"async\" data-id=\"32\" src=\"https:\/\/elm.fi\/art\/wp-content\/uploads\/2025\/04\/Koreana-konsertissa-776x1024.jpg\" alt=\"\" class=\"wp-image-32\"\/><\/figure>\n<\/figure>\n\n\n\n<p>Luonnon ihmeelliset pienet yksityiskohdat kiinnostavat ja Miekkonen on erinomainen opas niiden \u00e4\u00e4relle. Satu kiehtoo. Tarinat kehkeytyv\u00e4t luonnostaan maalatessani ja mainion p\u00e4\u00e4henkil\u00f6ni kanssa p\u00e4\u00e4sen seikkailemaan jos vaikka minne. Miekkosen voi kuljettaa paikkoihin, joissa itse mielell\u00e4ni viett\u00e4isin aikaa. Tutkimme ja kummastelemme \u00f6t\u00f6k\u00f6iden yksityiskohtia ja kukkien ter\u00e4lehtien haurautta. Miekkosen voi laittaa juttelemaan kottaraisen kanssa tai tarjoilemaan perhoselle kyps\u00e4\u00e4 kirsikkaa.<\/p>\n\n\n\n<p>V\u00e4rien siekailemattoman kirkkaat ja vahvat s\u00e4vyt p\u00e4\u00e4tyv\u00e4t usein siveltimeeni. Ne saavat vapaasti pursuilla vaikkapa yli \u00e4yr\u00e4iden mieluummin kuin jarrutellen.<\/p>\n\n\n\n<figure class=\"wp-block-image size-full is-resized\"><img decoding=\"async\" src=\"https:\/\/elm.fi\/art\/wp-content\/uploads\/2025\/04\/Savelmia-sammakkolammella.jpg\" alt=\"\" class=\"wp-image-33\" style=\"width:1186px;height:auto\"\/><\/figure>\n\n\n\n<p>Kuinka houkuttelevaa onkaan levitt\u00e4\u00e4 perhosen siivet lev\u00e4lleen ja maalata se oikeaa kokoaan suurempana teokseni keskelle lepattamaan. Tai sommitella sammakon selk\u00e4pilkut iloisesti liioitellen ilahduttamaan omaa silm\u00e4\u00e4. Hilpe\u00e4\u00e4 ja niin hauskaa!<\/p>\n\n\n\n<p>Kuvieni kautta kutsun sinut mukaan naivistiseen maailmaani.<\/p>\n\n\n\n<p><strong>Kirsi<\/strong><\/p>\n\n\n\n<p><\/p>\n","protected":false},"excerpt":{"rendered":"<p>Olen ammatiltani luokanopettaja. Kuvataide n\u00e4yttelee isoa osaa el\u00e4m\u00e4ss\u00e4ni ja olen p\u00e4\u00e4ssyt toteuttamaan unelmiani sen parissa. Tekemisen palo on kova. Maalaan aina, kun aikaa ty\u00f6n ja arjen askareiden lomassa liikenee. Aiheeni t\u00f6ihin l\u00f6ytyv\u00e4t luonnosta ja omasta mielikuvituksestani. Yhdistelen mielikuvitushahmoni puuhia realistisempaan, luontohavaintoihin perustuvaan maailmaan. Toivon, ett\u00e4 omalla pienell\u00e4 panoksellani voisin tuoda esiin luonnon ainutlaatuisuutta. Luontohan on [&hellip;]<\/p>\n","protected":false},"author":1,"featured_media":0,"parent":0,"menu_order":0,"comment_status":"closed","ping_status":"closed","template":"","meta":{"footnotes":""},"class_list":["post-31","page","type-page","status-publish","hentry"],"yoast_head":"<!-- This site is optimized with the Yoast SEO plugin v27.4 - https:\/\/yoast.com\/product\/yoast-seo-wordpress\/ -->\n<title>Hei - MIEKKOSEN MAAILMA<\/title>\n<meta name=\"robots\" content=\"index, follow, max-snippet:-1, max-image-preview:large, max-video-preview:-1\" \/>\n<link rel=\"canonical\" href=\"https:\/\/www.elm.fi\/art\/\" \/>\n<meta property=\"og:locale\" content=\"fi_FI\" \/>\n<meta property=\"og:type\" content=\"article\" \/>\n<meta property=\"og:title\" content=\"Hei - MIEKKOSEN MAAILMA\" \/>\n<meta property=\"og:description\" content=\"Olen ammatiltani luokanopettaja. Kuvataide n\u00e4yttelee isoa osaa el\u00e4m\u00e4ss\u00e4ni ja olen p\u00e4\u00e4ssyt toteuttamaan unelmiani sen parissa. Tekemisen palo on kova. Maalaan aina, kun aikaa ty\u00f6n ja arjen askareiden lomassa liikenee. Aiheeni t\u00f6ihin l\u00f6ytyv\u00e4t luonnosta ja omasta mielikuvituksestani. Yhdistelen mielikuvitushahmoni puuhia realistisempaan, luontohavaintoihin perustuvaan maailmaan. Toivon, ett\u00e4 omalla pienell\u00e4 panoksellani voisin tuoda esiin luonnon ainutlaatuisuutta. Luontohan on [&hellip;]\" \/>\n<meta property=\"og:url\" content=\"https:\/\/www.elm.fi\/art\/\" \/>\n<meta property=\"og:site_name\" content=\"MIEKKOSEN MAAILMA\" \/>\n<meta property=\"article:modified_time\" content=\"2025-05-21T17:56:47+00:00\" \/>\n<meta name=\"twitter:card\" content=\"summary_large_image\" \/>\n<meta name=\"twitter:label1\" content=\"Arvioitu lukuaika\" \/>\n\t<meta name=\"twitter:data1\" content=\"1 minuutti\" \/>\n<script type=\"application\/ld+json\" class=\"yoast-schema-graph\">{\"@context\":\"https:\\\/\\\/schema.org\",\"@graph\":[{\"@type\":\"WebPage\",\"@id\":\"https:\\\/\\\/www.elm.fi\\\/art\\\/\",\"url\":\"https:\\\/\\\/www.elm.fi\\\/art\\\/\",\"name\":\"Hei - MIEKKOSEN MAAILMA\",\"isPartOf\":{\"@id\":\"https:\\\/\\\/www.elm.fi\\\/art\\\/#website\"},\"primaryImageOfPage\":{\"@id\":\"https:\\\/\\\/www.elm.fi\\\/art\\\/#primaryimage\"},\"image\":{\"@id\":\"https:\\\/\\\/www.elm.fi\\\/art\\\/#primaryimage\"},\"thumbnailUrl\":\"https:\\\/\\\/elm.fi\\\/art\\\/wp-content\\\/uploads\\\/2025\\\/04\\\/Koreana-konsertissa-776x1024.jpg\",\"datePublished\":\"2025-04-20T19:30:47+00:00\",\"dateModified\":\"2025-05-21T17:56:47+00:00\",\"breadcrumb\":{\"@id\":\"https:\\\/\\\/www.elm.fi\\\/art\\\/#breadcrumb\"},\"inLanguage\":\"fi\",\"potentialAction\":[{\"@type\":\"ReadAction\",\"target\":[\"https:\\\/\\\/www.elm.fi\\\/art\\\/\"]}]},{\"@type\":\"ImageObject\",\"inLanguage\":\"fi\",\"@id\":\"https:\\\/\\\/www.elm.fi\\\/art\\\/#primaryimage\",\"url\":\"https:\\\/\\\/elm.fi\\\/art\\\/wp-content\\\/uploads\\\/2025\\\/04\\\/Koreana-konsertissa-776x1024.jpg\",\"contentUrl\":\"https:\\\/\\\/elm.fi\\\/art\\\/wp-content\\\/uploads\\\/2025\\\/04\\\/Koreana-konsertissa-776x1024.jpg\"},{\"@type\":\"BreadcrumbList\",\"@id\":\"https:\\\/\\\/www.elm.fi\\\/art\\\/#breadcrumb\",\"itemListElement\":[{\"@type\":\"ListItem\",\"position\":1,\"name\":\"Etusivu\",\"item\":\"https:\\\/\\\/www.elm.fi\\\/art\\\/\"},{\"@type\":\"ListItem\",\"position\":2,\"name\":\"Hei\"}]},{\"@type\":\"WebSite\",\"@id\":\"https:\\\/\\\/www.elm.fi\\\/art\\\/#website\",\"url\":\"https:\\\/\\\/www.elm.fi\\\/art\\\/\",\"name\":\"MIEKKOSEN MAAILMA\",\"description\":\"Naivism Art by Kirsi Jalava\",\"potentialAction\":[{\"@type\":\"SearchAction\",\"target\":{\"@type\":\"EntryPoint\",\"urlTemplate\":\"https:\\\/\\\/www.elm.fi\\\/art\\\/?s={search_term_string}\"},\"query-input\":{\"@type\":\"PropertyValueSpecification\",\"valueRequired\":true,\"valueName\":\"search_term_string\"}}],\"inLanguage\":\"fi\"}]}<\/script>\n<!-- \/ Yoast SEO plugin. -->","yoast_head_json":{"title":"Hei - MIEKKOSEN MAAILMA","robots":{"index":"index","follow":"follow","max-snippet":"max-snippet:-1","max-image-preview":"max-image-preview:large","max-video-preview":"max-video-preview:-1"},"canonical":"https:\/\/www.elm.fi\/art\/","og_locale":"fi_FI","og_type":"article","og_title":"Hei - MIEKKOSEN MAAILMA","og_description":"Olen ammatiltani luokanopettaja. Kuvataide n\u00e4yttelee isoa osaa el\u00e4m\u00e4ss\u00e4ni ja olen p\u00e4\u00e4ssyt toteuttamaan unelmiani sen parissa. Tekemisen palo on kova. Maalaan aina, kun aikaa ty\u00f6n ja arjen askareiden lomassa liikenee. Aiheeni t\u00f6ihin l\u00f6ytyv\u00e4t luonnosta ja omasta mielikuvituksestani. Yhdistelen mielikuvitushahmoni puuhia realistisempaan, luontohavaintoihin perustuvaan maailmaan. Toivon, ett\u00e4 omalla pienell\u00e4 panoksellani voisin tuoda esiin luonnon ainutlaatuisuutta. Luontohan on [&hellip;]","og_url":"https:\/\/www.elm.fi\/art\/","og_site_name":"MIEKKOSEN MAAILMA","article_modified_time":"2025-05-21T17:56:47+00:00","twitter_card":"summary_large_image","twitter_misc":{"Arvioitu lukuaika":"1 minuutti"},"schema":{"@context":"https:\/\/schema.org","@graph":[{"@type":"WebPage","@id":"https:\/\/www.elm.fi\/art\/","url":"https:\/\/www.elm.fi\/art\/","name":"Hei - MIEKKOSEN MAAILMA","isPartOf":{"@id":"https:\/\/www.elm.fi\/art\/#website"},"primaryImageOfPage":{"@id":"https:\/\/www.elm.fi\/art\/#primaryimage"},"image":{"@id":"https:\/\/www.elm.fi\/art\/#primaryimage"},"thumbnailUrl":"https:\/\/elm.fi\/art\/wp-content\/uploads\/2025\/04\/Koreana-konsertissa-776x1024.jpg","datePublished":"2025-04-20T19:30:47+00:00","dateModified":"2025-05-21T17:56:47+00:00","breadcrumb":{"@id":"https:\/\/www.elm.fi\/art\/#breadcrumb"},"inLanguage":"fi","potentialAction":[{"@type":"ReadAction","target":["https:\/\/www.elm.fi\/art\/"]}]},{"@type":"ImageObject","inLanguage":"fi","@id":"https:\/\/www.elm.fi\/art\/#primaryimage","url":"https:\/\/elm.fi\/art\/wp-content\/uploads\/2025\/04\/Koreana-konsertissa-776x1024.jpg","contentUrl":"https:\/\/elm.fi\/art\/wp-content\/uploads\/2025\/04\/Koreana-konsertissa-776x1024.jpg"},{"@type":"BreadcrumbList","@id":"https:\/\/www.elm.fi\/art\/#breadcrumb","itemListElement":[{"@type":"ListItem","position":1,"name":"Etusivu","item":"https:\/\/www.elm.fi\/art\/"},{"@type":"ListItem","position":2,"name":"Hei"}]},{"@type":"WebSite","@id":"https:\/\/www.elm.fi\/art\/#website","url":"https:\/\/www.elm.fi\/art\/","name":"MIEKKOSEN MAAILMA","description":"Naivism Art by Kirsi Jalava","potentialAction":[{"@type":"SearchAction","target":{"@type":"EntryPoint","urlTemplate":"https:\/\/www.elm.fi\/art\/?s={search_term_string}"},"query-input":{"@type":"PropertyValueSpecification","valueRequired":true,"valueName":"search_term_string"}}],"inLanguage":"fi"}]}},"_links":{"self":[{"href":"https:\/\/www.elm.fi\/art\/wp-json\/wp\/v2\/pages\/31","targetHints":{"allow":["GET"]}}],"collection":[{"href":"https:\/\/www.elm.fi\/art\/wp-json\/wp\/v2\/pages"}],"about":[{"href":"https:\/\/www.elm.fi\/art\/wp-json\/wp\/v2\/types\/page"}],"author":[{"embeddable":true,"href":"https:\/\/www.elm.fi\/art\/wp-json\/wp\/v2\/users\/1"}],"replies":[{"embeddable":true,"href":"https:\/\/www.elm.fi\/art\/wp-json\/wp\/v2\/comments?post=31"}],"version-history":[{"count":4,"href":"https:\/\/www.elm.fi\/art\/wp-json\/wp\/v2\/pages\/31\/revisions"}],"predecessor-version":[{"id":45,"href":"https:\/\/www.elm.fi\/art\/wp-json\/wp\/v2\/pages\/31\/revisions\/45"}],"wp:attachment":[{"href":"https:\/\/www.elm.fi\/art\/wp-json\/wp\/v2\/media?parent=31"}],"curies":[{"name":"wp","href":"https:\/\/api.w.org\/{rel}","templated":true}]}}